{"id":10261,"date":"2023-02-23T09:12:13","date_gmt":"2023-02-23T09:12:13","guid":{"rendered":"https:\/\/organicastudio.es\/que-hacemos\/"},"modified":"2023-03-07T20:56:09","modified_gmt":"2023-03-07T20:56:09","slug":"que-hacemos","status":"publish","type":"page","link":"https:\/\/organicastudio.es\/es\/que-hacemos\/","title":{"rendered":"Que hacemos"},"content":{"rendered":"<p>[vc_row css=&#8221;.vc_custom_1677146464093{margin-top: 100px !important;}&#8221;][vc_column]<div class=\"mkd-elements-holder mkd-responsive-mode-768\" ><div class=\"mkd-elements-holder-item \" data-item-class=\"mkd-elements-holder-custom-221175\" >\n\t\t<div class=\"mkd-elements-holder-item-inner\">\n\t\t<div class=\"mkd-elements-holder-item-content mkd-elements-holder-custom-221175\" >\n\t\t\t\n<div class=\"mkd-section-title mkd-section-align-left\" style=\"color: #000000;font-size: 26px\">\n\tCreative &amp; Design Furniture<\/div>[vc_column_text]Organica Studio en Marbella, AN, se dedica a muebles modulares creativos con un enfoque en materiales naturales, sostenible y dise\u00f1o innovador. Ofrecemos piezas personalizadas que integran funci\u00f3n y estilo, creando espacios \u00fanicos para la vida moderna.[\/vc_column_text][vc_empty_space height=&#8221;50px&#8221;]\t\t<\/div>\n\t<\/div>\n<\/div><\/div>[\/vc_column][\/vc_row][vc_row][vc_column]<div class=\"mkd-elements-holder mkd-responsive-mode-768\" ><div class=\"mkd-elements-holder-item \" data-item-class=\"mkd-elements-holder-custom-625034\" >\n\t\t<div class=\"mkd-elements-holder-item-inner\">\n\t\t<div class=\"mkd-elements-holder-item-content mkd-elements-holder-custom-625034\" >\n\t\t\t\n<div class=\"mkd-section-title mkd-section-align-left\" style=\"color: #000000;font-size: 26px\">\n\tModular Living<\/div>[vc_column_text]Modular Living te permite mezclar y combinar piezas para crear tu propio juego de muebles personalizado. Con una amplia gama de colores y materiales, puede crear un aspecto \u00fanico para su hogar u oficina.[\/vc_column_text][vc_empty_space height=&#8221;50px&#8221;]\t\t<\/div>\n\t<\/div>\n<\/div><\/div>[\/vc_column][\/vc_row][vc_row][vc_column]<div class=\"mkd-elements-holder mkd-responsive-mode-768\" ><div class=\"mkd-elements-holder-item \" data-item-class=\"mkd-elements-holder-custom-167175\" >\n\t\t<div class=\"mkd-elements-holder-item-inner\">\n\t\t<div class=\"mkd-elements-holder-item-content mkd-elements-holder-custom-167175\" >\n\t\t\t\n<div class=\"mkd-section-title mkd-section-align-left\" style=\"color: #000000;font-size: 26px\">\n\tShapeShift<\/div>[vc_column_text]Soluciones \u00fanicas en una variedad de formas y tama\u00f1os para crear espacios que se ajusten exactamente a sus necesidades. Con nuestro concepto modular podemos reflejar el ambiente que se adapta a tu hogar, local comercial, stands para eventos, espacios pop-up, eventos privados o corporativos.[\/vc_column_text][vc_empty_space height=&#8221;50px&#8221;]\t\t<\/div>\n\t<\/div>\n<\/div><\/div>[\/vc_column][\/vc_row][vc_row css=&#8221;.vc_custom_1677146450421{margin-top: 100px !important;margin-bottom: 100px !important;}&#8221;][vc_column]\n<div class=\"mkd-section-title mkd-section-align-center\" style=\"color: #e9003f;font-size: 48px\">\n\tNuestro Proceso<\/div>[vc_empty_space height=&#8221;50px&#8221;]<div class=\"mkd-process-holder mkd-process-holder-items-five\">\n\t<div class=\"mkd-process-inner clearfix\">\n\t\t<div class=\"mkd-process-item-holder\">\n\t<div class=\"mkd-pi-holder-inner\">\n\t\t\t\t\t<div class=\"mkd-pi-number-holder\">\n\t\t\t\t<span class=\"mkd-pi-arrow\"><span class=\"arrow_right\"><\/span><\/span>\n\t\t\t\t<span class=\"mkd-pi-number\">1<\/span>\n\t\t\t<\/div>\n\t\t\t\t\t\t\t<div class=\"mkd-pi-content-holder\">\n\t\t\t\t\t\t\t\t\t<div class=\"mkd-pi-title-holder\">\n\t\t\t\t\t\t<h5 class=\"mkd-pi-title\">Inspiraci\u00f3n e Investigaci\u00f3n<\/h5>\n\t\t\t\t\t<\/div>\n\t\t\t\t\n\t\t\t\t\t\t\t<\/div>\n\t\t\t<\/div>\n<\/div><div class=\"mkd-process-item-holder\">\n\t<div class=\"mkd-pi-holder-inner\">\n\t\t\t\t\t<div class=\"mkd-pi-number-holder\">\n\t\t\t\t<span class=\"mkd-pi-arrow\"><span class=\"arrow_right\"><\/span><\/span>\n\t\t\t\t<span class=\"mkd-pi-number\">2<\/span>\n\t\t\t<\/div>\n\t\t\t\t\t\t\t<div class=\"mkd-pi-content-holder\">\n\t\t\t\t\t\t\t\t\t<div class=\"mkd-pi-title-holder\">\n\t\t\t\t\t\t<h5 class=\"mkd-pi-title\">Dise\u00f1o y Consulta<\/h5>\n\t\t\t\t\t<\/div>\n\t\t\t\t\n\t\t\t\t\t\t\t<\/div>\n\t\t\t<\/div>\n<\/div><div class=\"mkd-process-item-holder\">\n\t<div class=\"mkd-pi-holder-inner\">\n\t\t\t\t\t<div class=\"mkd-pi-number-holder\">\n\t\t\t\t<span class=\"mkd-pi-arrow\"><span class=\"arrow_right\"><\/span><\/span>\n\t\t\t\t<span class=\"mkd-pi-number\">3<\/span>\n\t\t\t<\/div>\n\t\t\t\t\t\t\t<div class=\"mkd-pi-content-holder\">\n\t\t\t\t\t\t\t\t\t<div class=\"mkd-pi-title-holder\">\n\t\t\t\t\t\t<h5 class=\"mkd-pi-title\">Selecci\u00f3n y Compra<\/h5>\n\t\t\t\t\t<\/div>\n\t\t\t\t\n\t\t\t\t\t\t\t<\/div>\n\t\t\t<\/div>\n<\/div><div class=\"mkd-process-item-holder\">\n\t<div class=\"mkd-pi-holder-inner\">\n\t\t\t\t\t<div class=\"mkd-pi-number-holder\">\n\t\t\t\t<span class=\"mkd-pi-arrow\"><span class=\"arrow_right\"><\/span><\/span>\n\t\t\t\t<span class=\"mkd-pi-number\">4<\/span>\n\t\t\t<\/div>\n\t\t\t\t\t\t\t<div class=\"mkd-pi-content-holder\">\n\t\t\t\t\t\t\t\t\t<div class=\"mkd-pi-title-holder\">\n\t\t\t\t\t\t<h5 class=\"mkd-pi-title\">Acabado y Entrega<\/h5>\n\t\t\t\t\t<\/div>\n\t\t\t\t\n\t\t\t\t\t\t\t<\/div>\n\t\t\t<\/div>\n<\/div><div class=\"mkd-process-item-holder\">\n\t<div class=\"mkd-pi-holder-inner\">\n\t\t\t\t\t<div class=\"mkd-pi-number-holder\">\n\t\t\t\t<span class=\"mkd-pi-arrow\"><span class=\"arrow_right\"><\/span><\/span>\n\t\t\t\t<span class=\"mkd-pi-number\">5<\/span>\n\t\t\t<\/div>\n\t\t\t\t\t\t\t<div class=\"mkd-pi-content-holder\">\n\t\t\t\t\t\t\t\t\t<div class=\"mkd-pi-title-holder\">\n\t\t\t\t\t\t<h5 class=\"mkd-pi-title\">Postventa<\/h5>\n\t\t\t\t\t<\/div>\n\t\t\t\t\n\t\t\t\t\t\t\t<\/div>\n\t\t\t<\/div>\n<\/div>\t<\/div>\n<\/div>[\/vc_column][\/vc_row][vc_row][vc_column]<div class=\"mkd-elements-holder mkd-responsive-mode-768\" ><div class=\"mkd-elements-holder-item \" data-item-class=\"mkd-elements-holder-custom-197679\" >\n\t\t<div class=\"mkd-elements-holder-item-inner\">\n\t\t<div class=\"mkd-elements-holder-item-content mkd-elements-holder-custom-197679\" >\n\t\t\t\n<div class=\"mkd-section-title mkd-section-align-left\" style=\"color: #000000;font-size: 26px\">\n\t1. Inspiraci\u00f3n e Investigaci\u00f3n<\/div>[vc_column_text]<\/p>\n<p style=\"font-weight: 400;\">El primer paso de cualquier proyecto suele ser la inspiraci\u00f3n y la investigaci\u00f3n. Te invitamos a navegar a trav\u00e9s de diferentes opciones para entender tus necesidades. Considera tambi\u00e9n tu espacio disponible y luego p\u00eddenos que te hagamos una propuesta personalizada.<\/p>\n<p>[\/vc_column_text][vc_empty_space height=&#8221;50px&#8221;]\t\t<\/div>\n\t<\/div>\n<\/div><\/div>[\/vc_column][\/vc_row][vc_row][vc_column]<div class=\"mkd-elements-holder mkd-responsive-mode-768\" ><div class=\"mkd-elements-holder-item \" data-item-class=\"mkd-elements-holder-custom-842440\" >\n\t\t<div class=\"mkd-elements-holder-item-inner\">\n\t\t<div class=\"mkd-elements-holder-item-content mkd-elements-holder-custom-842440\" >\n\t\t\t\n<div class=\"mkd-section-title mkd-section-align-left\" style=\"color: #000000;font-size: 26px\">\n\t2. Dise\u00f1o y Consulta<\/div>[vc_column_text]<\/p>\n<p style=\"font-weight: 400;\">Una vez que tenga una idea clara de lo que necesita, podemos trabajar en una consultor\u00eda para crear su dise\u00f1o de espacio personalizado. Podemos ayudarlo con soluciones pr\u00e1cticas y funcionales respetando sus elecciones y el material, los colores y las texturas que combinar\u00e1n con sus preferencias y estilo.<\/p>\n<p>[\/vc_column_text][vc_empty_space height=&#8221;50px&#8221;]\t\t<\/div>\n\t<\/div>\n<\/div><\/div>[\/vc_column][\/vc_row][vc_row][vc_column]<div class=\"mkd-elements-holder mkd-responsive-mode-768\" ><div class=\"mkd-elements-holder-item \" data-item-class=\"mkd-elements-holder-custom-879210\" >\n\t\t<div class=\"mkd-elements-holder-item-inner\">\n\t\t<div class=\"mkd-elements-holder-item-content mkd-elements-holder-custom-879210\" >\n\t\t\t\n<div class=\"mkd-section-title mkd-section-align-left\" style=\"color: #000000;font-size: 26px\">\n\t3. Selecci\u00f3n y Compra<\/div>[vc_column_text]<\/p>\n<p style=\"font-weight: 400;\">Ofrecemos piezas personalizadas que integran funci\u00f3n y estilo. Eval\u00fae nuestra modularidad, valores sostenibles, durabilidad, precios transparentes y opciones de personalizaci\u00f3n. Una vez que tengamos un plan, lo ayudaremos a elegir entre una selecci\u00f3n de materiales naturales, sostenibles y de dise\u00f1o innovador, creando espacios \u00fanicos para la vida moderna de acuerdo con sus especificaciones.<\/p>\n<p style=\"font-weight: 400;\">Ofrecemos un proceso de compra fluido y f\u00e1cil de usar con instrucciones claras y soporte disponible si es necesario.<\/p>\n<p>[\/vc_column_text][vc_empty_space height=&#8221;50px&#8221;]\t\t<\/div>\n\t<\/div>\n<\/div><\/div>[\/vc_column][\/vc_row][vc_row][vc_column]<div class=\"mkd-elements-holder mkd-responsive-mode-768\" ><div class=\"mkd-elements-holder-item \" data-item-class=\"mkd-elements-holder-custom-544169\" >\n\t\t<div class=\"mkd-elements-holder-item-inner\">\n\t\t<div class=\"mkd-elements-holder-item-content mkd-elements-holder-custom-544169\" >\n\t\t\t\n<div class=\"mkd-section-title mkd-section-align-left\" style=\"color: #000000;font-size: 26px\">\n\t4. Acabado y Entrega<\/div>[vc_column_text]<\/p>\n<p style=\"font-weight: 400;\">Dependiendo de la complejidad del proyecto, le brindaremos asistencia o enviaremos un equipo para dejarlo listo para usar.<\/p>\n<p style=\"font-weight: 400;\">Organizamos env\u00edos a todo el mundo.<\/p>\n<p>[\/vc_column_text][vc_empty_space height=&#8221;50px&#8221;]\t\t<\/div>\n\t<\/div>\n<\/div><\/div>[\/vc_column][\/vc_row][vc_row][vc_column]<div class=\"mkd-elements-holder mkd-responsive-mode-768\" ><div class=\"mkd-elements-holder-item \" data-item-class=\"mkd-elements-holder-custom-997036\" >\n\t\t<div class=\"mkd-elements-holder-item-inner\">\n\t\t<div class=\"mkd-elements-holder-item-content mkd-elements-holder-custom-997036\" >\n\t\t\t\n<div class=\"mkd-section-title mkd-section-align-left\" style=\"color: #000000;font-size: 26px\">\n\t5. Postventa<\/div>[vc_column_text]<\/p>\n<p style=\"font-weight: 400;\">Hacemos un seguimiento con usted para brindarle instrucciones sobre el mantenimiento y el cuidado de sus muebles. Esperamos que este viaje lo anime a compartir su experiencia positiva con nosotros.<\/p>\n<p>[\/vc_column_text][vc_empty_space height=&#8221;50px&#8221;]\t\t<\/div>\n\t<\/div>\n<\/div><\/div>[\/vc_column][\/vc_row][vc_row][vc_column]\n<div class=\"mkd-section-title mkd-section-align-center\" style=\"color: #e9003f;font-size: 48px\">\n\tLet\u00b4s Talk<\/div>[vc_empty_space height=&#8221;50px&#8221;]\n<div class=\"wpcf7 no-js\" id=\"wpcf7-f5559-o1\" lang=\"en-US\" dir=\"ltr\" data-wpcf7-id=\"5559\">\n<div class=\"screen-reader-response\"><p role=\"status\" aria-live=\"polite\" aria-atomic=\"true\"><\/p> <ul><\/ul><\/div>\n<form action=\"\/es\/wp-json\/wp\/v2\/pages\/10261#wpcf7-f5559-o1\" method=\"post\" class=\"wpcf7-form init\" aria-label=\"Contact form\" novalidate=\"novalidate\" data-status=\"init\">\n<fieldset class=\"hidden-fields-container\"><input type=\"hidden\" name=\"_wpcf7\" value=\"5559\" \/><input type=\"hidden\" name=\"_wpcf7_version\" value=\"6.1.5\" \/><input type=\"hidden\" name=\"_wpcf7_locale\" value=\"en_US\" \/><input type=\"hidden\" name=\"_wpcf7_unit_tag\" value=\"wpcf7-f5559-o1\" \/><input type=\"hidden\" name=\"_wpcf7_container_post\" value=\"0\" \/><input type=\"hidden\" name=\"_wpcf7_posted_data_hash\" value=\"\" \/>\n<\/fieldset>\n<div class=\"mkd-contact-form-one\">\n\t<div class=\"mkd-grid-row mkd-grid-small-gutter\">\n\t\t<div class=\"mkd-two-columns-50-50 clearfix\">\n\t\t\t<div class=\"mkd-two-columns-50-50-inner\">\n\t\t\t\t<div class=\"mkd-column\">\n\t\t\t\t\t<div class=\"mkd-column-inner\">\n\t\t\t\t\t\t<p><span class=\"wpcf7-form-control-wrap\" data-name=\"first-name\"><input size=\"40\" maxlength=\"400\" class=\"wpcf7-form-control wpcf7-text wpcf7-validates-as-required\" aria-required=\"true\" aria-invalid=\"false\" placeholder=\"Name\" value=\"\" type=\"text\" name=\"first-name\" \/><\/span>\n\t\t\t\t\t\t<\/p>\n\t\t\t\t\t<\/div>\n\t\t\t\t<\/div>\n\t\t\t\t<div class=\"mkd-column\">\n\t\t\t\t\t<div class=\"mkd-column-inner\">\n\t\t\t\t\t\t<p><span class=\"wpcf7-form-control-wrap\" data-name=\"tel-463\"><input size=\"40\" maxlength=\"400\" class=\"wpcf7-form-control wpcf7-tel wpcf7-text wpcf7-validates-as-tel\" aria-invalid=\"false\" placeholder=\"Phone\" value=\"\" type=\"tel\" name=\"tel-463\" \/><\/span>\n\t\t\t\t\t\t<\/p>\n\t\t\t\t\t<\/div>\n\t\t\t\t<\/div>\n\t\t\t<\/div>\n\t\t<\/div>\n\t<\/div>\n\t<p><span class=\"wpcf7-form-control-wrap\" data-name=\"email\"><input size=\"40\" maxlength=\"400\" class=\"wpcf7-form-control wpcf7-email wpcf7-text wpcf7-validates-as-email\" aria-invalid=\"false\" placeholder=\"Email\" value=\"\" type=\"email\" name=\"email\" \/><\/span>\n\t<\/p>\n\t<p><span class=\"wpcf7-form-control-wrap\" data-name=\"notes\"><textarea cols=\"40\" rows=\"10\" maxlength=\"2000\" class=\"wpcf7-form-control wpcf7-textarea\" aria-invalid=\"false\" placeholder=\"Message\" name=\"notes\"><\/textarea><\/span>\n\t<\/p>\n\t<p><input class=\"wpcf7-form-control wpcf7-submit has-spinner\" type=\"submit\" value=\"Send\" \/>\n\t<\/p>\n<\/div><p style=\"display: none !important;\" class=\"akismet-fields-container\" data-prefix=\"_wpcf7_ak_\"><label>&#916;<textarea name=\"_wpcf7_ak_hp_textarea\" cols=\"45\" rows=\"8\" maxlength=\"100\"><\/textarea><\/label><input type=\"hidden\" id=\"ak_js_1\" name=\"_wpcf7_ak_js\" value=\"9\"\/><script>document.getElementById( \"ak_js_1\" ).setAttribute( \"value\", ( new Date() ).getTime() );<\/script><\/p><div class=\"wpcf7-response-output\" aria-hidden=\"true\"><\/div>\n<\/form>\n<\/div>\n[\/vc_column][\/vc_row]<\/p>\n","protected":false},"excerpt":{"rendered":"<p>[vc_row css=&#8221;.vc_custom_1677146464093{margin-top: 100px !important;}&#8221;][vc_column][\/vc_column][\/vc_row][vc_row][vc_column][\/vc_column][\/vc_row][vc_row][vc_column][\/vc_column][\/vc_row][vc_row css=&#8221;.vc_custom_1677146450421{margin-top: 100px !important;margin-bottom: 100px !important;}&#8221;][vc_column][vc_empty_space height=&#8221;50px&#8221;][\/vc_column][\/vc_row][vc_row][vc_column][\/vc_column][\/vc_row][vc_row][vc_column][\/vc_column][\/vc_row][vc_row][vc_column][\/vc_column][\/vc_row][vc_row][vc_column][\/vc_column][\/vc_row][vc_row][vc_column][\/vc_column][\/vc_row][vc_row][vc_column][vc_empty_space height=&#8221;50px&#8221;][\/vc_column][\/vc_row]<\/p>\n","protected":false},"author":1,"featured_media":0,"parent":0,"menu_order":0,"comment_status":"closed","ping_status":"closed","template":"","meta":{"footnotes":""},"class_list":["post-10261","page","type-page","status-publish","hentry"],"_links":{"self":[{"href":"https:\/\/organicastudio.es\/es\/wp-json\/wp\/v2\/pages\/10261","targetHints":{"allow":["GET"]}}],"collection":[{"href":"https:\/\/organicastudio.es\/es\/wp-json\/wp\/v2\/pages"}],"about":[{"href":"https:\/\/organicastudio.es\/es\/wp-json\/wp\/v2\/types\/page"}],"author":[{"embeddable":true,"href":"https:\/\/organicastudio.es\/es\/wp-json\/wp\/v2\/users\/1"}],"replies":[{"embeddable":true,"href":"https:\/\/organicastudio.es\/es\/wp-json\/wp\/v2\/comments?post=10261"}],"version-history":[{"count":5,"href":"https:\/\/organicastudio.es\/es\/wp-json\/wp\/v2\/pages\/10261\/revisions"}],"predecessor-version":[{"id":10271,"href":"https:\/\/organicastudio.es\/es\/wp-json\/wp\/v2\/pages\/10261\/revisions\/10271"}],"wp:attachment":[{"href":"https:\/\/organicastudio.es\/es\/wp-json\/wp\/v2\/media?parent=10261"}],"curies":[{"name":"wp","href":"https:\/\/api.w.org\/{rel}","templated":true}]}}