{"id":10154,"date":"2016-09-19T15:10:25","date_gmt":"2016-09-19T15:10:25","guid":{"rendered":"https:\/\/organicastudio.es\/lets-talk\/"},"modified":"2023-04-11T17:03:12","modified_gmt":"2023-04-11T17:03:12","slug":"lets-talk","status":"publish","type":"page","link":"https:\/\/organicastudio.es\/es\/lets-talk\/","title":{"rendered":"Let\u00b4s Talk"},"content":{"rendered":"<p>[vc_row][vc_column][vc_empty_space][\/vc_column][\/vc_row][vc_row content_width=&#8221;grid&#8221; css=&#8221;.vc_custom_1499679388739{background-color: #f6f6f6 !important;}&#8221;][vc_column offset=&#8221;vc_col-lg-6 vc_col-md-12&#8243;]<div class=\"mkd-elements-holder mkd-responsive-mode-768\" ><div class=\"mkd-elements-holder-item \" data-item-class=\"mkd-elements-holder-custom-717037\" data-1024-1280=\"18% 10% 0 2%\" data-768-1024=\"13% 0 0 0\" data-600-768=\"21% 0 0px 0\" data-480-600=\"16% 0 0 0\" data-480=\"16% 0 0 0\" >\n\t\t<div class=\"mkd-elements-holder-item-inner\">\n\t\t<div class=\"mkd-elements-holder-item-content mkd-elements-holder-custom-717037\" style=\"padding: 24.5% 0 0 2%\">\n\t\t\t[vc_column_text]<\/p>\n<h3>Env\u00edanos tus consultas<\/h3>\n<p>[\/vc_column_text][vc_empty_space height=&#8221;20px&#8221;][vc_column_text]Comun\u00edquese y con\u00e9ctese con nosotros, escr\u00edbanos, si tiene alguna pregunta sobre su pr\u00f3ximo proyecto, estaremos listos para ayudarlo a elegir las mejores soluciones posibles para sus nuevos desaf\u00edos.[\/vc_column_text]\t\t<\/div>\n\t<\/div>\n<\/div><\/div>[vc_empty_space height=&#8221;20px&#8221;]<div class=\"mkd-icon-list-item\">\n\t<div class=\"mkd-icon-list-icon-holder\">\n        <div class=\"mkd-icon-list-icon-holder-inner clearfix\">\n\t\t\t<span aria-hidden=\"true\" class=\"mkd-icon-font-elegant icon_phone \" style=\"color:#e9003f;font-size:17px\" ><\/span>\t\t<\/div>\n\t<\/div>\n\t<p class=\"mkd-icon-list-text\"  > (+34) 651 640 004<\/p>\n<\/div>[vc_empty_space height=&#8221;20px&#8221;]<div class=\"mkd-icon-list-item\">\n\t<div class=\"mkd-icon-list-icon-holder\">\n        <div class=\"mkd-icon-list-icon-holder-inner clearfix\">\n\t\t\t<span aria-hidden=\"true\" class=\"mkd-icon-font-elegant icon_mail_alt \" style=\"color:#e9003f;font-size:17px\" ><\/span>\t\t<\/div>\n\t<\/div>\n\t<p class=\"mkd-icon-list-text\"  > hello@organicastudio.es<\/p>\n<\/div>[vc_empty_space height=&#8221;20px&#8221;][\/vc_column][vc_column offset=&#8221;vc_col-lg-6 vc_col-md-12&#8243;]<div class=\"mkd-elements-holder mkd-responsive-mode-768\" ><div class=\"mkd-elements-holder-item \" data-item-class=\"mkd-elements-holder-custom-126015\" data-1280-1440=\"23% 0 18% 0\" data-1024-1280=\"20% 0 13% 0\" data-768-1024=\"0% 0 10% 0\" data-600-768=\"0% 0 16% 0\" data-480-600=\"4% 0 14% 0\" data-480=\"4% 0 14% 0\" >\n\t\t<div class=\"mkd-elements-holder-item-inner\">\n\t\t<div class=\"mkd-elements-holder-item-content mkd-elements-holder-custom-126015\" style=\"padding: 23.4% 0 18% 0\">\n\t\t\t\n<div class=\"wpcf7 no-js\" id=\"wpcf7-f10358-o1\" lang=\"es-ES\" dir=\"ltr\" data-wpcf7-id=\"10358\">\n<div class=\"screen-reader-response\"><p role=\"status\" aria-live=\"polite\" aria-atomic=\"true\"><\/p> <ul><\/ul><\/div>\n<form action=\"\/es\/wp-json\/wp\/v2\/pages\/10154#wpcf7-f10358-o1\" method=\"post\" class=\"wpcf7-form init cf7_custom_style_2\" aria-label=\"Formulario de contacto\" novalidate=\"novalidate\" data-status=\"init\">\n<fieldset class=\"hidden-fields-container\"><input type=\"hidden\" name=\"_wpcf7\" value=\"10358\" \/><input type=\"hidden\" name=\"_wpcf7_version\" value=\"6.1.5\" \/><input type=\"hidden\" name=\"_wpcf7_locale\" value=\"es_ES\" \/><input type=\"hidden\" name=\"_wpcf7_unit_tag\" value=\"wpcf7-f10358-o1\" \/><input type=\"hidden\" name=\"_wpcf7_container_post\" value=\"0\" \/><input type=\"hidden\" name=\"_wpcf7_posted_data_hash\" value=\"\" \/>\n<\/fieldset>\n<div class=\"mkd-contact-form-one\">\n\t<div class=\"mkd-grid-row mkd-grid-small-gutter\">\n\t\t<div class=\"mkd-two-columns-50-50 clearfix\">\n\t\t\t<div class=\"mkd-two-columns-50-50-inner\">\n\t\t\t\t<div class=\"mkd-column\">\n\t\t\t\t\t<div class=\"mkd-column-inner\">\n\t\t\t\t\t\t<p><span class=\"wpcf7-form-control-wrap\" data-name=\"first-name\"><input size=\"40\" maxlength=\"400\" class=\"wpcf7-form-control wpcf7-text wpcf7-validates-as-required\" aria-required=\"true\" aria-invalid=\"false\" placeholder=\"Nombre\" value=\"\" type=\"text\" name=\"first-name\" \/><\/span>\n\t\t\t\t\t\t<\/p>\n\t\t\t\t\t<\/div>\n\t\t\t\t<\/div>\n\t\t\t\t<div class=\"mkd-column\">\n\t\t\t\t\t<div class=\"mkd-column-inner\">\n\t\t\t\t\t\t<p><span class=\"wpcf7-form-control-wrap\" data-name=\"tel-463\"><input size=\"40\" maxlength=\"400\" class=\"wpcf7-form-control wpcf7-tel wpcf7-text wpcf7-validates-as-tel\" aria-invalid=\"false\" placeholder=\"Telef\u00f3no\" value=\"\" type=\"tel\" name=\"tel-463\" \/><\/span>\n\t\t\t\t\t\t<\/p>\n\t\t\t\t\t<\/div>\n\t\t\t\t<\/div>\n\t\t\t<\/div>\n\t\t<\/div>\n\t<\/div>\n\t<p><span class=\"wpcf7-form-control-wrap\" data-name=\"email\"><input size=\"40\" maxlength=\"400\" class=\"wpcf7-form-control wpcf7-email wpcf7-text wpcf7-validates-as-email\" aria-invalid=\"false\" placeholder=\"Email\" value=\"\" type=\"email\" name=\"email\" \/><\/span>\n\t<\/p>\n\t<p><span class=\"wpcf7-form-control-wrap\" data-name=\"notes\"><textarea cols=\"40\" rows=\"10\" maxlength=\"2000\" class=\"wpcf7-form-control wpcf7-textarea\" aria-invalid=\"false\" placeholder=\"Mensaje\" name=\"notes\"><\/textarea><\/span>\n\t<\/p>\n\t<p><input class=\"wpcf7-form-control wpcf7-submit has-spinner\" type=\"submit\" value=\"Enviar\" \/>\n\t<\/p>\n<\/div><p style=\"display: none !important;\" class=\"akismet-fields-container\" data-prefix=\"_wpcf7_ak_\"><label>&#916;<textarea name=\"_wpcf7_ak_hp_textarea\" cols=\"45\" rows=\"8\" maxlength=\"100\"><\/textarea><\/label><input type=\"hidden\" id=\"ak_js_1\" name=\"_wpcf7_ak_js\" value=\"219\"\/><script>document.getElementById( \"ak_js_1\" ).setAttribute( \"value\", ( new Date() ).getTime() );<\/script><\/p><div class=\"wpcf7-response-output\" aria-hidden=\"true\"><\/div>\n<\/form>\n<\/div>\n\t\t<\/div>\n\t<\/div>\n<\/div><\/div>[\/vc_column][\/vc_row]<\/p>\n","protected":false},"excerpt":{"rendered":"<p>[vc_row][vc_column][vc_empty_space][\/vc_column][\/vc_row][vc_row content_width=&#8221;grid&#8221; css=&#8221;.vc_custom_1499679388739{background-color: #f6f6f6 !important;}&#8221;][vc_column offset=&#8221;vc_col-lg-6 vc_col-md-12&#8243;][vc_empty_space height=&#8221;20px&#8221;][vc_empty_space height=&#8221;20px&#8221;][vc_empty_space height=&#8221;20px&#8221;][\/vc_column][vc_column offset=&#8221;vc_col-lg-6 vc_col-md-12&#8243;][\/vc_column][\/vc_row]<\/p>\n","protected":false},"author":1,"featured_media":0,"parent":0,"menu_order":0,"comment_status":"closed","ping_status":"closed","template":"full-width.php","meta":{"footnotes":""},"class_list":["post-10154","page","type-page","status-publish","hentry"],"_links":{"self":[{"href":"https:\/\/organicastudio.es\/es\/wp-json\/wp\/v2\/pages\/10154","targetHints":{"allow":["GET"]}}],"collection":[{"href":"https:\/\/organicastudio.es\/es\/wp-json\/wp\/v2\/pages"}],"about":[{"href":"https:\/\/organicastudio.es\/es\/wp-json\/wp\/v2\/types\/page"}],"author":[{"embeddable":true,"href":"https:\/\/organicastudio.es\/es\/wp-json\/wp\/v2\/users\/1"}],"replies":[{"embeddable":true,"href":"https:\/\/organicastudio.es\/es\/wp-json\/wp\/v2\/comments?post=10154"}],"version-history":[{"count":5,"href":"https:\/\/organicastudio.es\/es\/wp-json\/wp\/v2\/pages\/10154\/revisions"}],"predecessor-version":[{"id":10359,"href":"https:\/\/organicastudio.es\/es\/wp-json\/wp\/v2\/pages\/10154\/revisions\/10359"}],"wp:attachment":[{"href":"https:\/\/organicastudio.es\/es\/wp-json\/wp\/v2\/media?parent=10154"}],"curies":[{"name":"wp","href":"https:\/\/api.w.org\/{rel}","templated":true}]}}